{"id":28,"date":"2016-05-09T09:24:55","date_gmt":"2016-05-09T07:24:55","guid":{"rendered":"http:\/\/www.mmpwebtv.eu\/?page_id=28"},"modified":"2024-04-10T17:54:07","modified_gmt":"2024-04-10T15:54:07","slug":"chi-siamo-2","status":"publish","type":"page","link":"http:\/\/www.mmpwebtv.eu\/index.php\/chi-siamo-2\/","title":{"rendered":"Chi siamo"},"content":{"rendered":"<p>[vc_row][vc_column][vc_separator color=&#8221;black&#8221; css_animation=&#8221;appear&#8221;][\/vc_column][\/vc_row][vc_row][vc_column width=&#8221;1\/3&#8243;][vc_column_text font_weight=&#8221;`{`object Object`}`&#8221;]<b>PERCH\u00c9 UNA WEB TV<\/b><\/p>\n<p>Le Web TV sono considerate la nuova frontiera della comunicazione audiovisiva per la loro capacit\u00e0 di diffusione, che grazie alla rete \u00e8 globale, e per l\u2019alta interattivit\u00e0 che le caratterizza. Lo spettatore non \u00e8 pi\u00f9 soggetto passivo, ma diviene utente, perch\u00e9 pu\u00f2 creare un palinsesto personalizzato e riproducibile sottraendosi ai vincoli di una trasmissione tradizionale.<\/p>\n<p>\u25a0 Sono 342 le web tv aziendali italiane<\/p>\n<p>\u25a0 Sono 642 le web tv \u201cdal basso\u201d in Italia<\/p>\n<p>Il 57% delle web tv \u201cdal basso\u201d ha come tema unico o preponderante la cultura. La distribuzione multipiattaforma delle web tv avviene per il 45% dei casi attraverso device mobili, per il 40% con applicazioni dedicate per smartphone e tablet. L\u201980% di queste web tv ha un business model legato alle piccole e medie imprese (dati 2016).[\/vc_column_text][\/vc_column][vc_column width=&#8221;1\/3&#8243;][vc_column_text font_weight=&#8221;100&#8243; responsive_line_height=&#8221;.wpb_text_column_1662099424 .wpb_wrapper{desktop:px;tablet:px;tablet_portrait:px;mobile_landscape:px;mobile:px;property:line-height}&#8221;]<b>PERCH\u00c9 MMP Web TV<\/b><\/p>\n<p>MMP Web TV \u00e8 un canale web che nasce nel 2016 come innovazione didattica, tecnologica e scientifica per raccontare in tutti i suoi aspetti la Laurea Magistrale in Mass Media e Politica, attiva nella Scuola di Scienze Politiche presso il Campus di Forl\u00ec.<\/p>\n<p>Nel febbraio 2017, MMP Web TV, su impulso dei vertici dell\u2019Alma Mater Studiorum, con il sostegno del Comune di Forl\u00ec e della Fondazione Cassa dei Risparmi di Forl\u00ec, grazie a un accordo fra il Campus di Forl\u00ec e Ser.In.Ar (societ\u00e0 di sostegno al decentramento universitario a Forl\u00ec e Cesena), diventa la webtv del Campus di Forl\u00ec.<\/p>\n<p>MMP Web TV \u00e8 un canale realizzato nel suo palinsesto, nei suoi contenuti e nella sua esecuzione dai tirocinanti, i borsisti di ricerca e i suoi collaboratori, con la supervisione del Comitato di indirizzo e sviluppo editoriale della webtv e la collaborazione degli altri docenti del Campus.<\/p>\n<p>MMP Web TV \u00e8 uno spazio creativo, di interazione fra studenti e docenti, che realizzano cos\u00ec una forma innovativa di didattica.[\/vc_column_text][\/vc_column][vc_column width=&#8221;1\/3&#8243;][vc_column_text font_weight=&#8221;100&#8243; responsive_line_height=&#8221;.wpb_text_column_1596765896 .wpb_wrapper{desktop:px;tablet:px;tablet_portrait:px;mobile_landscape:px;mobile:px;property:line-height}&#8221;]<b>PERCH\u00c9 NEL CAMPUS DI FORL\u00cc<\/b><\/p>\n<p>La specificit\u00e0 di innovazione tecnologica, didattica e scientifica contraddistingue il Campus di Forl\u00ec fin dalle sue origini.<\/p>\n<p>MMP Web TV continua questa storia perch\u00e9 si propone come uno spazio creativo di approfondimento e uno strumento informativo e comunicativo che ha l\u2019obiettivo di coinvolgere la vita del Campus universitario nel suo complesso.<\/p>\n<p>E dal Campus MMP Web TV si racconta anche alla citt\u00e0, alle cittadine e ai cittadini, alle imprese e a tutti gli attori sociali per contribuire a rinsaldare quel ponte fra universit\u00e0 e territorio, che \u00e8 strategico \u00a0per le sfide del presente.[\/vc_column_text][\/vc_column][\/vc_row][vc_row][vc_column][vc_column_text font_weight=&#8221;100&#8243; responsive_line_height=&#8221;.wpb_text_column_700770361 .wpb_wrapper{desktop:px;tablet:px;tablet_portrait:px;mobile_landscape:px;mobile:px;property:line-height}&#8221;]<\/p>\n<p>&nbsp;<\/p>\n<p style=\"text-align: center;\"><b>COMITATO DI INDIRIZZO E SVILUPPO EDITORIALE<\/b><\/p>\n<p style=\"text-align: center;\">Maria Laura Lanzillo, docente Unibo<\/p>\n<p style=\"text-align: center;\">Emanuele Menegatti, presidente del Campus di Forl\u00ec<\/p>\n<p style=\"text-align: center;\">Andrea Ciani, responsabile ufficio comunicazione Campus di Forl\u00ec<\/p>\n<p style=\"text-align: center;\">Fabrizio Abbondanza, direttore <a href=\"http:\/\/ser.in.ar\/\">Ser.In.ar<\/a><\/p>\n<p style=\"text-align: center;\">Matteo Lolletti, consulente di produzione<\/p>\n<p style=\"text-align: center;\">Paolo Rambelli, area relazioni ed eventi Fondazione Cassa dei Risparmi di Forl\u00ec<\/p>\n<p>&nbsp;<\/p>\n<p>[\/vc_column_text][\/vc_column][\/vc_row]<\/p>\n","protected":false},"excerpt":{"rendered":"<p>[vc_row][vc_column][vc_separator color=&#8221;black&#8221; css_animation=&#8221;appear&#8221;][\/vc_column][\/vc_row][vc_row][vc_column width=&#8221;1\/3&#8243;][vc_column_text font_weight=&#8221;`{`object Object`}`&#8221;]PERCH\u00c9 UNA WEB TV Le Web TV sono considerate la nuova frontiera della comunicazione audiovisiva per la loro capacit\u00e0 di diffusione, che grazie alla rete \u00e8 globale, e per l\u2019alta interattivit\u00e0 che le caratterizza. Lo spettatore non \u00e8 pi\u00f9 soggetto passivo, ma diviene utente, perch\u00e9 pu\u00f2 creare un palinsesto personalizzato [&hellip;]<\/p>\n","protected":false},"author":1,"featured_media":137,"parent":0,"menu_order":0,"comment_status":"closed","ping_status":"closed","template":"","meta":[],"yoast_head":"<!-- This site is optimized with the Yoast SEO plugin v17.9 - https:\/\/yoast.com\/wordpress\/plugins\/seo\/ -->\n<title>Chi siamo &bull; MMP Web TV<\/title>\n<meta name=\"robots\" content=\"index, follow, max-snippet:-1, max-image-preview:large, max-video-preview:-1\" \/>\n<link rel=\"canonical\" href=\"https:\/\/www.mmpwebtv.eu\/index.php\/chi-siamo-2\/\" \/>\n<meta property=\"og:locale\" content=\"it_IT\" \/>\n<meta property=\"og:type\" content=\"article\" \/>\n<meta property=\"og:title\" content=\"Chi siamo &bull; MMP Web TV\" \/>\n<meta property=\"og:description\" content=\"[vc_row][vc_column][vc_separator color=&#8221;black&#8221; css_animation=&#8221;appear&#8221;][\/vc_column][\/vc_row][vc_row][vc_column width=&#8221;1\/3&#8243;][vc_column_text font_weight=&#8221;`{`object Object`}`&#8221;]PERCH\u00c9 UNA WEB TV Le Web TV sono considerate la nuova frontiera della comunicazione audiovisiva per la loro capacit\u00e0 di diffusione, che grazie alla rete \u00e8 globale, e per l\u2019alta interattivit\u00e0 che le caratterizza. Lo spettatore non \u00e8 pi\u00f9 soggetto passivo, ma diviene utente, perch\u00e9 pu\u00f2 creare un palinsesto personalizzato [&hellip;]\" \/>\n<meta property=\"og:url\" content=\"https:\/\/www.mmpwebtv.eu\/index.php\/chi-siamo-2\/\" \/>\n<meta property=\"og:site_name\" content=\"MMP Web TV\" \/>\n<meta property=\"article:publisher\" content=\"https:\/\/www.facebook.com\/mmpwebtv\/\" \/>\n<meta property=\"article:modified_time\" content=\"2024-04-10T15:54:07+00:00\" \/>\n<meta property=\"og:image\" content=\"https:\/\/www.mmpwebtv.eu\/wp-content\/uploads\/2016\/05\/Logo-MMP-WebTv-02.png\" \/>\n\t<meta property=\"og:image:width\" content=\"8000\" \/>\n\t<meta property=\"og:image:height\" content=\"4500\" \/>\n\t<meta property=\"og:image:type\" content=\"image\/png\" \/>\n<meta name=\"twitter:card\" content=\"summary_large_image\" \/>\n<meta name=\"twitter:label1\" content=\"Tempo di lettura stimato\" \/>\n\t<meta name=\"twitter:data1\" content=\"3 minuti\" \/>\n<script type=\"application\/ld+json\" class=\"yoast-schema-graph\">{\"@context\":\"https:\/\/schema.org\",\"@graph\":[{\"@type\":\"Organization\",\"@id\":\"https:\/\/www.mmpwebtv.eu\/#organization\",\"name\":\"MMP WebTV\",\"url\":\"https:\/\/www.mmpwebtv.eu\/\",\"sameAs\":[\"https:\/\/www.facebook.com\/mmpwebtv\/\",\"https:\/\/www.instagram.com\/mmpwebtv\/\"],\"logo\":{\"@type\":\"ImageObject\",\"@id\":\"https:\/\/www.mmpwebtv.eu\/#logo\",\"inLanguage\":\"it-IT\",\"url\":\"https:\/\/www.mmpwebtv.eu\/wp-content\/uploads\/2017\/04\/Logo-MMP-WebTv-02.png\",\"contentUrl\":\"https:\/\/www.mmpwebtv.eu\/wp-content\/uploads\/2017\/04\/Logo-MMP-WebTv-02.png\",\"width\":8000,\"height\":4500,\"caption\":\"MMP WebTV\"},\"image\":{\"@id\":\"https:\/\/www.mmpwebtv.eu\/#logo\"}},{\"@type\":\"WebSite\",\"@id\":\"https:\/\/www.mmpwebtv.eu\/#website\",\"url\":\"https:\/\/www.mmpwebtv.eu\/\",\"name\":\"MMP Web TV\",\"description\":\"La Web TV del Campus di Forl\\u00ec\",\"publisher\":{\"@id\":\"https:\/\/www.mmpwebtv.eu\/#organization\"},\"potentialAction\":[{\"@type\":\"SearchAction\",\"target\":{\"@type\":\"EntryPoint\",\"urlTemplate\":\"https:\/\/www.mmpwebtv.eu\/?s={search_term_string}\"},\"query-input\":\"required name=search_term_string\"}],\"inLanguage\":\"it-IT\"},{\"@type\":\"ImageObject\",\"@id\":\"https:\/\/www.mmpwebtv.eu\/index.php\/chi-siamo-2\/#primaryimage\",\"inLanguage\":\"it-IT\",\"url\":\"http:\/\/www.mmpwebtv.eu\/wp-content\/uploads\/2016\/05\/Logo-MMP-WebTv-02.png\",\"contentUrl\":\"http:\/\/www.mmpwebtv.eu\/wp-content\/uploads\/2016\/05\/Logo-MMP-WebTv-02.png\",\"width\":8000,\"height\":4500},{\"@type\":\"WebPage\",\"@id\":\"https:\/\/www.mmpwebtv.eu\/index.php\/chi-siamo-2\/#webpage\",\"url\":\"https:\/\/www.mmpwebtv.eu\/index.php\/chi-siamo-2\/\",\"name\":\"Chi siamo &bull; MMP Web TV\",\"isPartOf\":{\"@id\":\"https:\/\/www.mmpwebtv.eu\/#website\"},\"primaryImageOfPage\":{\"@id\":\"https:\/\/www.mmpwebtv.eu\/index.php\/chi-siamo-2\/#primaryimage\"},\"datePublished\":\"2016-05-09T07:24:55+00:00\",\"dateModified\":\"2024-04-10T15:54:07+00:00\",\"breadcrumb\":{\"@id\":\"https:\/\/www.mmpwebtv.eu\/index.php\/chi-siamo-2\/#breadcrumb\"},\"inLanguage\":\"it-IT\",\"potentialAction\":[{\"@type\":\"ReadAction\",\"target\":[\"https:\/\/www.mmpwebtv.eu\/index.php\/chi-siamo-2\/\"]}]},{\"@type\":\"BreadcrumbList\",\"@id\":\"https:\/\/www.mmpwebtv.eu\/index.php\/chi-siamo-2\/#breadcrumb\",\"itemListElement\":[{\"@type\":\"ListItem\",\"position\":1,\"name\":\"Home\",\"item\":\"https:\/\/www.mmpwebtv.eu\/\"},{\"@type\":\"ListItem\",\"position\":2,\"name\":\"Chi siamo\"}]}]}<\/script>\n<!-- \/ Yoast SEO plugin. -->","yoast_head_json":{"title":"Chi siamo &bull; MMP Web TV","robots":{"index":"index","follow":"follow","max-snippet":"max-snippet:-1","max-image-preview":"max-image-preview:large","max-video-preview":"max-video-preview:-1"},"canonical":"https:\/\/www.mmpwebtv.eu\/index.php\/chi-siamo-2\/","og_locale":"it_IT","og_type":"article","og_title":"Chi siamo &bull; MMP Web TV","og_description":"[vc_row][vc_column][vc_separator color=&#8221;black&#8221; css_animation=&#8221;appear&#8221;][\/vc_column][\/vc_row][vc_row][vc_column width=&#8221;1\/3&#8243;][vc_column_text font_weight=&#8221;`{`object Object`}`&#8221;]PERCH\u00c9 UNA WEB TV Le Web TV sono considerate la nuova frontiera della comunicazione audiovisiva per la loro capacit\u00e0 di diffusione, che grazie alla rete \u00e8 globale, e per l\u2019alta interattivit\u00e0 che le caratterizza. Lo spettatore non \u00e8 pi\u00f9 soggetto passivo, ma diviene utente, perch\u00e9 pu\u00f2 creare un palinsesto personalizzato [&hellip;]","og_url":"https:\/\/www.mmpwebtv.eu\/index.php\/chi-siamo-2\/","og_site_name":"MMP Web TV","article_publisher":"https:\/\/www.facebook.com\/mmpwebtv\/","article_modified_time":"2024-04-10T15:54:07+00:00","og_image":[{"width":8000,"height":4500,"url":"https:\/\/www.mmpwebtv.eu\/wp-content\/uploads\/2016\/05\/Logo-MMP-WebTv-02.png","type":"image\/png"}],"twitter_card":"summary_large_image","twitter_misc":{"Tempo di lettura stimato":"3 minuti"},"schema":{"@context":"https:\/\/schema.org","@graph":[{"@type":"Organization","@id":"https:\/\/www.mmpwebtv.eu\/#organization","name":"MMP WebTV","url":"https:\/\/www.mmpwebtv.eu\/","sameAs":["https:\/\/www.facebook.com\/mmpwebtv\/","https:\/\/www.instagram.com\/mmpwebtv\/"],"logo":{"@type":"ImageObject","@id":"https:\/\/www.mmpwebtv.eu\/#logo","inLanguage":"it-IT","url":"https:\/\/www.mmpwebtv.eu\/wp-content\/uploads\/2017\/04\/Logo-MMP-WebTv-02.png","contentUrl":"https:\/\/www.mmpwebtv.eu\/wp-content\/uploads\/2017\/04\/Logo-MMP-WebTv-02.png","width":8000,"height":4500,"caption":"MMP WebTV"},"image":{"@id":"https:\/\/www.mmpwebtv.eu\/#logo"}},{"@type":"WebSite","@id":"https:\/\/www.mmpwebtv.eu\/#website","url":"https:\/\/www.mmpwebtv.eu\/","name":"MMP Web TV","description":"La Web TV del Campus di Forl\u00ec","publisher":{"@id":"https:\/\/www.mmpwebtv.eu\/#organization"},"potentialAction":[{"@type":"SearchAction","target":{"@type":"EntryPoint","urlTemplate":"https:\/\/www.mmpwebtv.eu\/?s={search_term_string}"},"query-input":"required name=search_term_string"}],"inLanguage":"it-IT"},{"@type":"ImageObject","@id":"https:\/\/www.mmpwebtv.eu\/index.php\/chi-siamo-2\/#primaryimage","inLanguage":"it-IT","url":"http:\/\/www.mmpwebtv.eu\/wp-content\/uploads\/2016\/05\/Logo-MMP-WebTv-02.png","contentUrl":"http:\/\/www.mmpwebtv.eu\/wp-content\/uploads\/2016\/05\/Logo-MMP-WebTv-02.png","width":8000,"height":4500},{"@type":"WebPage","@id":"https:\/\/www.mmpwebtv.eu\/index.php\/chi-siamo-2\/#webpage","url":"https:\/\/www.mmpwebtv.eu\/index.php\/chi-siamo-2\/","name":"Chi siamo &bull; MMP Web TV","isPartOf":{"@id":"https:\/\/www.mmpwebtv.eu\/#website"},"primaryImageOfPage":{"@id":"https:\/\/www.mmpwebtv.eu\/index.php\/chi-siamo-2\/#primaryimage"},"datePublished":"2016-05-09T07:24:55+00:00","dateModified":"2024-04-10T15:54:07+00:00","breadcrumb":{"@id":"https:\/\/www.mmpwebtv.eu\/index.php\/chi-siamo-2\/#breadcrumb"},"inLanguage":"it-IT","potentialAction":[{"@type":"ReadAction","target":["https:\/\/www.mmpwebtv.eu\/index.php\/chi-siamo-2\/"]}]},{"@type":"BreadcrumbList","@id":"https:\/\/www.mmpwebtv.eu\/index.php\/chi-siamo-2\/#breadcrumb","itemListElement":[{"@type":"ListItem","position":1,"name":"Home","item":"https:\/\/www.mmpwebtv.eu\/"},{"@type":"ListItem","position":2,"name":"Chi siamo"}]}]}},"_links":{"self":[{"href":"http:\/\/www.mmpwebtv.eu\/index.php\/wp-json\/wp\/v2\/pages\/28"}],"collection":[{"href":"http:\/\/www.mmpwebtv.eu\/index.php\/wp-json\/wp\/v2\/pages"}],"about":[{"href":"http:\/\/www.mmpwebtv.eu\/index.php\/wp-json\/wp\/v2\/types\/page"}],"author":[{"embeddable":true,"href":"http:\/\/www.mmpwebtv.eu\/index.php\/wp-json\/wp\/v2\/users\/1"}],"replies":[{"embeddable":true,"href":"http:\/\/www.mmpwebtv.eu\/index.php\/wp-json\/wp\/v2\/comments?post=28"}],"version-history":[{"count":15,"href":"http:\/\/www.mmpwebtv.eu\/index.php\/wp-json\/wp\/v2\/pages\/28\/revisions"}],"predecessor-version":[{"id":4176,"href":"http:\/\/www.mmpwebtv.eu\/index.php\/wp-json\/wp\/v2\/pages\/28\/revisions\/4176"}],"wp:featuredmedia":[{"embeddable":true,"href":"http:\/\/www.mmpwebtv.eu\/index.php\/wp-json\/wp\/v2\/media\/137"}],"wp:attachment":[{"href":"http:\/\/www.mmpwebtv.eu\/index.php\/wp-json\/wp\/v2\/media?parent=28"}],"curies":[{"name":"wp","href":"https:\/\/api.w.org\/{rel}","templated":true}]}}